{"id":342,"date":"2025-03-19T10:00:52","date_gmt":"2025-03-19T10:00:52","guid":{"rendered":"https:\/\/curanderaindigenamaya.com\/?page_id=342"},"modified":"2025-03-28T23:02:28","modified_gmt":"2025-03-28T23:02:28","slug":"cosmovision-maya","status":"publish","type":"page","link":"https:\/\/curanderaindigenamaya.com\/index.php\/cosmovision-maya\/","title":{"rendered":"Cosmovisi\u00f3n Maya"},"content":{"rendered":"\t\t<div data-elementor-type=\"wp-page\" data-elementor-id=\"342\" class=\"elementor elementor-342\">\n\t\t\t\t\t\t<section class=\"elementor-section elementor-top-section elementor-element elementor-element-86c0266 elementor-section-boxed elementor-section-height-default elementor-section-height-default\" data-id=\"86c0266\" data-element_type=\"section\" data-e-type=\"section\">\n\t\t\t\t\t\t\t<div class=\"elementor-background-overlay\"><\/div>\n\t\t\t\t\t\t\t<div class=\"elementor-container elementor-column-gap-default\">\n\t\t\t\t\t<div class=\"elementor-column elementor-col-100 elementor-top-column elementor-element elementor-element-c0918e2\" data-id=\"c0918e2\" data-element_type=\"column\" data-e-type=\"column\">\n\t\t\t<div class=\"elementor-widget-wrap elementor-element-populated\">\n\t\t\t\t\t\t<div class=\"elementor-element elementor-element-3f54275 elementor-widget elementor-widget-heading\" data-id=\"3f54275\" data-element_type=\"widget\" data-e-type=\"widget\" data-widget_type=\"heading.default\">\n\t\t\t\t<div class=\"elementor-widget-container\">\n\t\t\t\t\t<h2 class=\"elementor-heading-title elementor-size-default\">Cosmovisi\u00f3n Maya<\/h2>\t\t\t\t<\/div>\n\t\t\t\t<\/div>\n\t\t\t\t<div class=\"elementor-element elementor-element-c9ef8a1 elementor-widget-divider--separator-type-pattern elementor-widget-divider--view-line elementor-widget elementor-widget-divider\" data-id=\"c9ef8a1\" data-element_type=\"widget\" data-e-type=\"widget\" data-widget_type=\"divider.default\">\n\t\t\t\t<div class=\"elementor-widget-container\">\n\t\t\t\t\t\t\t<div class=\"elementor-divider\" style=\"--divider-pattern-url: url(&quot;data:image\/svg+xml,%3Csvg xmlns=&#039;http:\/\/www.w3.org\/2000\/svg&#039; preserveAspectRatio=&#039;none&#039; overflow=&#039;visible&#039; height=&#039;100%&#039; viewBox=&#039;0 0 24 24&#039; fill=&#039;none&#039; stroke=&#039;black&#039; stroke-width=&#039;1&#039; stroke-linecap=&#039;square&#039; stroke-miterlimit=&#039;10&#039;%3E%3Cpolyline points=&#039;0,6 6,6 6,18 18,18 18,6 24,6 \t&#039;\/%3E%3C\/svg%3E&quot;);\">\n\t\t\t<span class=\"elementor-divider-separator\">\n\t\t\t\t\t\t<\/span>\n\t\t<\/div>\n\t\t\t\t\t\t<\/div>\n\t\t\t\t<\/div>\n\t\t\t\t\t<\/div>\n\t\t<\/div>\n\t\t\t\t\t<\/div>\n\t\t<\/section>\n\t\t\t\t<section class=\"elementor-section elementor-top-section elementor-element elementor-element-60770f6 elementor-section-boxed elementor-section-height-default elementor-section-height-default\" data-id=\"60770f6\" data-element_type=\"section\" data-e-type=\"section\">\n\t\t\t\t\t\t\t<div class=\"elementor-background-overlay\"><\/div>\n\t\t\t\t\t\t\t<div class=\"elementor-container elementor-column-gap-default\">\n\t\t\t\t\t<div class=\"elementor-column elementor-col-100 elementor-top-column elementor-element elementor-element-fc22fee\" data-id=\"fc22fee\" data-element_type=\"column\" data-e-type=\"column\">\n\t\t\t<div class=\"elementor-widget-wrap elementor-element-populated\">\n\t\t\t\t\t\t<div class=\"elementor-element elementor-element-96548e9 elementor-widget elementor-widget-image-gallery\" data-id=\"96548e9\" data-element_type=\"widget\" data-e-type=\"widget\" data-widget_type=\"image-gallery.default\">\n\t\t\t\t<div class=\"elementor-widget-container\">\n\t\t\t\t\t\t\t<div class=\"elementor-image-gallery\">\n\t\t\t<div id='gallery-1' class='gallery galleryid-342 gallery-columns-4 gallery-size-medium'><figure class='gallery-item'>\n\t\t\t<div class='gallery-icon landscape'>\n\t\t\t\t<a data-elementor-open-lightbox=\"yes\" data-elementor-lightbox-slideshow=\"96548e9\" data-elementor-lightbox-title=\"19563559-bca3-4eef-8537-da4e20a3a149\" data-e-action-hash=\"#elementor-action%3Aaction%3Dlightbox%26settings%3DeyJpZCI6OTk0LCJ1cmwiOiJodHRwczpcL1wvY3VyYW5kZXJhaW5kaWdlbmFtYXlhLmNvbVwvd3AtY29udGVudFwvdXBsb2Fkc1wvMjAyNVwvMDNcLzE5NTYzNTU5LWJjYTMtNGVlZi04NTM3LWRhNGUyMGEzYTE0OS5qcGciLCJzbGlkZXNob3ciOiI5NjU0OGU5In0%3D\" href='https:\/\/curanderaindigenamaya.com\/wp-content\/uploads\/2025\/03\/19563559-bca3-4eef-8537-da4e20a3a149.jpg'><img fetchpriority=\"high\" decoding=\"async\" width=\"300\" height=\"300\" src=\"https:\/\/curanderaindigenamaya.com\/wp-content\/uploads\/2025\/03\/19563559-bca3-4eef-8537-da4e20a3a149-300x300.jpg\" class=\"attachment-medium size-medium\" alt=\"\" srcset=\"https:\/\/curanderaindigenamaya.com\/wp-content\/uploads\/2025\/03\/19563559-bca3-4eef-8537-da4e20a3a149-300x300.jpg 300w, https:\/\/curanderaindigenamaya.com\/wp-content\/uploads\/2025\/03\/19563559-bca3-4eef-8537-da4e20a3a149-150x150.jpg 150w, https:\/\/curanderaindigenamaya.com\/wp-content\/uploads\/2025\/03\/19563559-bca3-4eef-8537-da4e20a3a149.jpg 736w\" sizes=\"(max-width: 300px) 100vw, 300px\" \/><\/a>\n\t\t\t<\/div><\/figure><figure class='gallery-item'>\n\t\t\t<div class='gallery-icon landscape'>\n\t\t\t\t<a data-elementor-open-lightbox=\"yes\" data-elementor-lightbox-slideshow=\"96548e9\" data-elementor-lightbox-title=\"Maya Calendar Mexico Guatemala Art Sticker\" data-e-action-hash=\"#elementor-action%3Aaction%3Dlightbox%26settings%3DeyJpZCI6MTg5LCJ1cmwiOiJodHRwczpcL1wvY3VyYW5kZXJhaW5kaWdlbmFtYXlhLmNvbVwvd3AtY29udGVudFwvdXBsb2Fkc1wvMjAyNVwvMDNcL01heWEtQ2FsZW5kYXItTWV4aWNvLUd1YXRlbWFsYS1BcnQtU3RpY2tlci5qcGciLCJzbGlkZXNob3ciOiI5NjU0OGU5In0%3D\" href='https:\/\/curanderaindigenamaya.com\/wp-content\/uploads\/2025\/03\/Maya-Calendar-Mexico-Guatemala-Art-Sticker.jpg'><img decoding=\"async\" width=\"300\" height=\"300\" src=\"https:\/\/curanderaindigenamaya.com\/wp-content\/uploads\/2025\/03\/Maya-Calendar-Mexico-Guatemala-Art-Sticker-300x300.jpg\" class=\"attachment-medium size-medium\" alt=\"\" srcset=\"https:\/\/curanderaindigenamaya.com\/wp-content\/uploads\/2025\/03\/Maya-Calendar-Mexico-Guatemala-Art-Sticker-300x300.jpg 300w, https:\/\/curanderaindigenamaya.com\/wp-content\/uploads\/2025\/03\/Maya-Calendar-Mexico-Guatemala-Art-Sticker-150x150.jpg 150w, https:\/\/curanderaindigenamaya.com\/wp-content\/uploads\/2025\/03\/Maya-Calendar-Mexico-Guatemala-Art-Sticker.jpg 736w\" sizes=\"(max-width: 300px) 100vw, 300px\" \/><\/a>\n\t\t\t<\/div><\/figure><figure class='gallery-item'>\n\t\t\t<div class='gallery-icon portrait'>\n\t\t\t\t<a data-elementor-open-lightbox=\"yes\" data-elementor-lightbox-slideshow=\"96548e9\" data-elementor-lightbox-title=\"descarga (1)\" data-e-action-hash=\"#elementor-action%3Aaction%3Dlightbox%26settings%3DeyJpZCI6MzQ2LCJ1cmwiOiJodHRwczpcL1wvY3VyYW5kZXJhaW5kaWdlbmFtYXlhLmNvbVwvd3AtY29udGVudFwvdXBsb2Fkc1wvMjAyNVwvMDNcL2Rlc2NhcmdhLTEtMS5qcGciLCJzbGlkZXNob3ciOiI5NjU0OGU5In0%3D\" href='https:\/\/curanderaindigenamaya.com\/wp-content\/uploads\/2025\/03\/descarga-1-1.jpg'><img decoding=\"async\" width=\"291\" height=\"300\" src=\"https:\/\/curanderaindigenamaya.com\/wp-content\/uploads\/2025\/03\/descarga-1-1-291x300.jpg\" class=\"attachment-medium size-medium\" alt=\"\" srcset=\"https:\/\/curanderaindigenamaya.com\/wp-content\/uploads\/2025\/03\/descarga-1-1-291x300.jpg 291w, https:\/\/curanderaindigenamaya.com\/wp-content\/uploads\/2025\/03\/descarga-1-1.jpg 735w\" sizes=\"(max-width: 291px) 100vw, 291px\" \/><\/a>\n\t\t\t<\/div><\/figure><figure class='gallery-item'>\n\t\t\t<div class='gallery-icon landscape'>\n\t\t\t\t<a data-elementor-open-lightbox=\"yes\" data-elementor-lightbox-slideshow=\"96548e9\" data-elementor-lightbox-title=\"Instagram\" data-e-action-hash=\"#elementor-action%3Aaction%3Dlightbox%26settings%3DeyJpZCI6OTkxLCJ1cmwiOiJodHRwczpcL1wvY3VyYW5kZXJhaW5kaWdlbmFtYXlhLmNvbVwvd3AtY29udGVudFwvdXBsb2Fkc1wvMjAyNVwvMDNcL0luc3RhZ3JhbS5qcGciLCJzbGlkZXNob3ciOiI5NjU0OGU5In0%3D\" href='https:\/\/curanderaindigenamaya.com\/wp-content\/uploads\/2025\/03\/Instagram.jpg'><img loading=\"lazy\" decoding=\"async\" width=\"300\" height=\"271\" src=\"https:\/\/curanderaindigenamaya.com\/wp-content\/uploads\/2025\/03\/Instagram-300x271.jpg\" class=\"attachment-medium size-medium\" alt=\"\" srcset=\"https:\/\/curanderaindigenamaya.com\/wp-content\/uploads\/2025\/03\/Instagram-300x271.jpg 300w, https:\/\/curanderaindigenamaya.com\/wp-content\/uploads\/2025\/03\/Instagram.jpg 736w\" sizes=\"(max-width: 300px) 100vw, 300px\" \/><\/a>\n\t\t\t<\/div><\/figure>\n\t\t<\/div>\n\t\t<\/div>\n\t\t\t\t\t\t<\/div>\n\t\t\t\t<\/div>\n\t\t\t\t\t<\/div>\n\t\t<\/div>\n\t\t\t\t\t<\/div>\n\t\t<\/section>\n\t\t\t\t<section class=\"elementor-section elementor-top-section elementor-element elementor-element-8086051 elementor-section-boxed elementor-section-height-default elementor-section-height-default\" data-id=\"8086051\" data-element_type=\"section\" data-e-type=\"section\">\n\t\t\t\t\t\t\t<div class=\"elementor-background-overlay\"><\/div>\n\t\t\t\t\t\t\t<div class=\"elementor-container elementor-column-gap-default\">\n\t\t\t\t\t<div class=\"elementor-column elementor-col-100 elementor-top-column elementor-element elementor-element-4687382\" data-id=\"4687382\" data-element_type=\"column\" data-e-type=\"column\">\n\t\t\t<div class=\"elementor-widget-wrap elementor-element-populated\">\n\t\t\t\t\t\t<div class=\"elementor-element elementor-element-9dccc8c elementor-widget elementor-widget-text-editor\" data-id=\"9dccc8c\" data-element_type=\"widget\" data-e-type=\"widget\" data-widget_type=\"text-editor.default\">\n\t\t\t\t<div class=\"elementor-widget-container\">\n\t\t\t\t\t\t\t\t\t<p>Los mayas tienen una historia de 5.202 a\u00f1os de ocupaci\u00f3n de las tierras; es el pueblo con m\u00e1s tiempo en vivir en estas latitudes. Hay evidencias de 5.000 sitios arqueol\u00f3gicos que existen a lo largo y ancho de Guatemala. Uno de los m\u00e1s importantes es <em>Tikal<\/em>, Patrimonio Cultural de la Humanidad por la UNESCO en 1979, as\u00ed como <em>El Mirador<\/em>, que cuenta con la pir\u00e1mide m\u00e1s grande del mundo, cuya base tiene de largo 600 metros por 300 metros de fondo; mide 2.800.000 m3 cuando Keops en Egipto, cuenta con 2.600.000 m3.<\/p><p>En todo el territorio de M\u00e9xico, Guatemala y Belice se hablan 33 idiomas mayas; en el caso de Guatemala son 22; los n\u00fameros entre par\u00e9ntesis indican el lugar que ocupan seg\u00fan n\u00famero de hablantes:<\/p><ul><li>Achi\u2019 (7)<\/li><li>Akateko (14)<\/li><li>Awakateko (16)<\/li><li>Chalchiteko (15)<\/li><li>Ch\u2019orti\u2019 (12)<\/li><li>Chuj (10)<\/li><li>Itza\u2019 (22)<\/li><li>Ixil (8)<\/li><li>Kaqchikel (3)<\/li><li>K\u2019iche\u2019 (1)<\/li><li>Mam (4)<\/li><li>Mop\u00e1n (20)<\/li><li>Poqomchi\u2019 (6)<\/li><li>Popti\u2019\/ Jakalteko (11)<\/li><li>Poqomam (13)<\/li><li>Q\u2019eqchi\u2019 (2)<\/li><li>Q\u2019anjob\u2019al (5)<\/li><li>Sakapulteko (18)<\/li><li>Sipakapense (17)<\/li><li>Tektiteko (21)<\/li><li>Tz\u2019utujil (9)\u00a0<\/li><li>Uspanteko (19)<\/li><\/ul><p>Los idiomas mayas mayoritarios son cuatro, suman m\u00e1s del 70% del n\u00famero de hablantes: K\u2019iche\u2019, Q\u2019eqchi\u2019, Kaqchikel y Mam. Para que se mantengan vivos los idiomas, deben hablarlos tres generaciones: ni\u00f1os, adultos y ancianos.<\/p><p>Seg\u00fan los mayas yucatecos el cielo estaba regido por el Dios Oxlahuntik\u00fa y en el nivel m\u00e1s alto estaba el Drag\u00f3n Itzamn\u00e1 (Hunab Ku) el Dios Supremo, habiendo otros dioses en los distintos niveles. La Tierra estaba dividida en cuatro sectores, correspondiendo a cada uno un Bacabs (o Bacabes) y un color: Cauac (sur, rojo), Mulac (norte, blanco), Kan (este, amarillo) e Ix (oeste, negro). En el centro, color verde, hab\u00eda un gran \u00e1rbol que atravesaba los tres niveles c\u00f3smicos y en cuya cima se posaba el Quetzal verde azulado, s\u00edmbolo del Dios Supremo.<\/p><p><span style=\"text-decoration: underline;\">La cosmovisi\u00f3n maya tiene varios pilares: <\/span><\/p><ul><li>El calendario maya Cholq\u2019ij, conocido tambi\u00e9n como calendarlo sagrado, consta de 20 d\u00edas, regidos cada uno por una energ\u00eda llamada Nawal y 13 potencias o n\u00fameros. Con la multiplicaci\u00f3n de estos elementos se llega a los 260 d\u00edas que conforman el calendarlo. El nawal determina el car\u00e1cter de la persona, sus habilidades y destrezas, debilidades y defectos. Esta informaci\u00f3n es muy \u00fatil al educar a los hijos, para que lleven una buena vida. El nawal tiene aplicaci\u00f3n en la vida comunitaria.<\/li><\/ul><ul><li>El reconocimiento de una fuerza Creadora y Formadora, llamada Ajaw, que es energ\u00eda complementaria femenina y masculina. Una relaci\u00f3n armoniosa con el Cosmos, el Ser Humano y la Naturaleza. El respeto a todos los elementos de la naturaleza porque todos tienen vida. La cosmovisi\u00f3n maya es la interpretaci\u00f3n del universo; se considera que todo lo que existe tiene una misi\u00f3n: las piedras, los \u00e1rboles, los animales, objetos y principalmente las personas, mediante su nawal.<\/li><li>Las ceremonias en la cultura maya son realizadas en funci\u00f3n de cambios c\u00edclicos del Cholq\u2019lj (260 d\u00edas) o del Calendarlo Cholab\u2019 (365), o bien fen\u00f3menos como el verano, primavera, y otros. Adicionalmente se hacen ceremonias para la bendici\u00f3n de semillas o bien para que la cosecha sea pr\u00f3spera. La persona encargada de la espiritualidad maya es el Ajq\u2019ij\/contador de los d\u00edas (la etimolog\u00eda del t\u00e9rmino es: aj, prefijo de un oficio; q\u2019ij, el sol-d\u00eda) \u00e9l aplica el calendario maya para ayudar a las personas y a la comunidad en general para superar problemas, sanarlos&#8230; En esta profesi\u00f3n hay mujeres y hombres.<\/li><\/ul><ol><li><em>Parafrasis del Popol Wuj. Versi\u00f3n de Humberto Aq&#8217;ab&#8217;al. Nawal Wuj 2016.<\/em><\/li><li><em>Tradici\u00f3n y Modernidad. Lecturas sobre la Cultura Maya Actual. De las antrop\u00f3logas Margarita Ram\u00edrez y Luisa Mar\u00eda Mazariegos, editado por la Universidad Rafael Land\u00edvar, 1993.<\/em><\/li><li><em>Colecci\u00f3n de libros de la Casa de Estudios de los Pueblos del Lago de Atitl\u00e1n (CAEL). Colecci\u00f3n dirigida por Perla Petrich; d\u00e9cada de 1990.<\/em><\/li><\/ol>\t\t\t\t\t\t\t\t<\/div>\n\t\t\t\t<\/div>\n\t\t\t\t\t<\/div>\n\t\t<\/div>\n\t\t\t\t\t<\/div>\n\t\t<\/section>\n\t\t\t\t<\/div>\n\t\t","protected":false},"excerpt":{"rendered":"<p>Cosmovisi\u00f3n Maya Los mayas tienen una historia de 5.202 a\u00f1os de ocupaci\u00f3n de las tierras; es el pueblo con m\u00e1s [&hellip;]<\/p>\n","protected":false},"author":1,"featured_media":0,"parent":0,"menu_order":0,"comment_status":"closed","ping_status":"closed","template":"","meta":{"site-sidebar-layout":"no-sidebar","site-content-layout":"","ast-site-content-layout":"full-width-container","site-content-style":"default","site-sidebar-style":"default","ast-global-header-display":"","ast-banner-title-visibility":"","ast-main-header-display":"","ast-hfb-above-header-display":"","ast-hfb-below-header-display":"","ast-hfb-mobile-header-display":"","site-post-title":"disabled","ast-breadcrumbs-content":"","ast-featured-img":"disabled","footer-sml-layout":"","theme-transparent-header-meta":"","adv-header-id-meta":"","stick-header-meta":"","header-above-stick-meta":"","header-main-stick-meta":"","header-below-stick-meta":"","astra-migrate-meta-layouts":"default","ast-page-background-enabled":"default","ast-page-background-meta":{"desktop":{"background-color":"var(--ast-global-color-5)","background-image":"","background-repeat":"repeat","background-position":"center center","background-size":"auto","background-attachment":"scroll","background-type":"","background-media":"","overlay-type":"","overlay-color":"","overlay-opacity":"","overlay-gradient":""},"tablet":{"background-color":"","background-image":"","background-repeat":"repeat","background-position":"center center","background-size":"auto","background-attachment":"scroll","background-type":"","background-media":"","overlay-type":"","overlay-color":"","overlay-opacity":"","overlay-gradient":""},"mobile":{"background-color":"","background-image":"","background-repeat":"repeat","background-position":"center center","background-size":"auto","background-attachment":"scroll","background-type":"","background-media":"","overlay-type":"","overlay-color":"","overlay-opacity":"","overlay-gradient":""}},"ast-content-background-meta":{"desktop":{"background-color":"var(--ast-global-color-4)","background-image":"","background-repeat":"repeat","background-position":"center center","background-size":"auto","background-attachment":"scroll","background-type":"","background-media":"","overlay-type":"","overlay-color":"","overlay-opacity":"","overlay-gradient":""},"tablet":{"background-color":"var(--ast-global-color-4)","background-image":"","background-repeat":"repeat","background-position":"center center","background-size":"auto","background-attachment":"scroll","background-type":"","background-media":"","overlay-type":"","overlay-color":"","overlay-opacity":"","overlay-gradient":""},"mobile":{"background-color":"var(--ast-global-color-4)","background-image":"","background-repeat":"repeat","background-position":"center center","background-size":"auto","background-attachment":"scroll","background-type":"","background-media":"","overlay-type":"","overlay-color":"","overlay-opacity":"","overlay-gradient":""}},"_joinchat":[],"footnotes":""},"class_list":["post-342","page","type-page","status-publish","hentry"],"_links":{"self":[{"href":"https:\/\/curanderaindigenamaya.com\/index.php\/wp-json\/wp\/v2\/pages\/342","targetHints":{"allow":["GET"]}}],"collection":[{"href":"https:\/\/curanderaindigenamaya.com\/index.php\/wp-json\/wp\/v2\/pages"}],"about":[{"href":"https:\/\/curanderaindigenamaya.com\/index.php\/wp-json\/wp\/v2\/types\/page"}],"author":[{"embeddable":true,"href":"https:\/\/curanderaindigenamaya.com\/index.php\/wp-json\/wp\/v2\/users\/1"}],"replies":[{"embeddable":true,"href":"https:\/\/curanderaindigenamaya.com\/index.php\/wp-json\/wp\/v2\/comments?post=342"}],"version-history":[{"count":55,"href":"https:\/\/curanderaindigenamaya.com\/index.php\/wp-json\/wp\/v2\/pages\/342\/revisions"}],"predecessor-version":[{"id":1248,"href":"https:\/\/curanderaindigenamaya.com\/index.php\/wp-json\/wp\/v2\/pages\/342\/revisions\/1248"}],"wp:attachment":[{"href":"https:\/\/curanderaindigenamaya.com\/index.php\/wp-json\/wp\/v2\/media?parent=342"}],"curies":[{"name":"wp","href":"https:\/\/api.w.org\/{rel}","templated":true}]}}